{"id":152,"date":"2014-04-25T12:39:09","date_gmt":"2014-04-25T12:39:09","guid":{"rendered":"http:\/\/morpheus.smallfacemedia.com\/demo2\/?page_id=12"},"modified":"2023-02-22T09:57:12","modified_gmt":"2023-02-22T09:57:12","slug":"home","status":"publish","type":"page","link":"https:\/\/offrianrum.com\/es\/","title":{"rendered":"Ron Oscuro A\u00f1ejo Premium"},"content":{"rendered":"","protected":false},"excerpt":{"rendered":"","protected":false},"author":3,"featured_media":0,"parent":0,"menu_order":0,"comment_status":"open","ping_status":"closed","template":"template-sectioned.php","meta":{"footnotes":""},"class_list":["post-152","page","type-page","status-publish","hentry"],"yoast_head":"<!-- This site is optimized with the Yoast SEO plugin v27.2 - https:\/\/yoast.com\/product\/yoast-seo-wordpress\/ -->\n<title>Ron oscuro a\u00f1ejo premium<\/title>\n<meta name=\"description\" content=\"OFFRIAN RUM &quot;The Rum Of Travelers&quot; Especialistas en ron oscuro a\u00f1ejo premium. mejor ron a\u00f1ejo. Destilado en Panam\u00e1 por el maestro ronero cubano. 8, 12 y 18 a\u00f1os.\" \/>\n<meta name=\"robots\" content=\"index, follow, max-snippet:-1, max-image-preview:large, max-video-preview:-1\" \/>\n<link rel=\"canonical\" href=\"https:\/\/offrianrum.com\/\" \/>\n<meta property=\"og:locale\" content=\"es_ES\" \/>\n<meta property=\"og:type\" content=\"article\" \/>\n<meta property=\"og:title\" content=\"[:en]Premium Aged Dark Rum[:fr]Rhum brun vieilli de qualit\u00e9 sup\u00e9rieure[:es]Ron oscuro a\u00f1ejo premium[:ru]\u0412\u044b\u0434\u0435\u0440\u0436\u0430\u043d\u043d\u044b\u0439 \u0442\u0435\u043c\u043d\u044b\u0439 \u0440\u043e\u043c \u043f\u0440\u0435\u043c\u0438\u0443\u043c-\u043a\u043b\u0430\u0441\u0441\u0430[:]\" \/>\n<meta property=\"og:description\" content=\"[:en]OFFRIAN Rum. &quot;The Rum Of Travelers&quot; Specialists in premium, aged dark rum.The finest old rum. Distilled in Panama by Cuban rum master. 8, 12 &amp; 18 years.[:fr]OFFRIAN &quot;The Rum of TRAVELERS&quot; producteur de rhum vieux de qualit\u00e9. Des rhums (ron) fins, distiller \u00e0 Panama et ma\u00eetre de chais cubain.[:es]OFFRIAN RUM &quot;The Rum Of Travelers&quot; Especialistas en ron oscuro a\u00f1ejo premium. mejor ron a\u00f1ejo. Destilado en Panam\u00e1 por el maestro ronero cubano. 8, 12 y 18 a\u00f1os.[:ru]OFFRIAN RUM &quot;The Rum Of Travelers&quot; \u0421\u043f\u0435\u0446\u0438\u0430\u043b\u0438\u0441\u0442 \u043f\u043e \u043f\u0440\u0435\u043c\u0438\u0430\u043b\u044c\u043d\u043e\u043c\u0443 \u0432\u044b\u0434\u0435\u0440\u0436\u0430\u043d\u043d\u043e\u043c\u0443 \u0442\u0435\u043c\u043d\u043e\u043c\u0443 \u0440\u043e\u043c\u0443.\u043b\u0443\u0447\u0448\u0438\u0439 \u0441\u0442\u0430\u0440\u044b\u0439 \u0440\u043e\u043c. \u041f\u0435\u0440\u0435\u0433\u043e\u043d\u044f\u0435\u0442\u0441\u044f \u0432 \u041f\u0430\u043d\u0430\u043c\u0435 \u043a\u0443\u0431\u0438\u043d\u0441\u043a\u0438\u043c\u0438 \u043c\u0430\u0441\u0442\u0435\u0440\u0430\u043c\u0438 \u0440\u043e\u043c\u0430. 8, 12 \u0438 18 \u043b\u0435\u0442.[:]\" \/>\n<meta property=\"og:url\" content=\"https:\/\/offrianrum.com\/\" \/>\n<meta property=\"og:site_name\" content=\"Offrian Rum\" \/>\n<meta property=\"article:modified_time\" content=\"2023-02-22T09:57:12+00:00\" \/>\n<meta property=\"og:image\" content=\"https:\/\/offrianrum.com\/wp-content\/uploads\/2023\/02\/logo-share.jpg\" \/>\n\t<meta property=\"og:image:width\" content=\"995\" \/>\n\t<meta property=\"og:image:height\" content=\"995\" \/>\n\t<meta property=\"og:image:type\" content=\"image\/jpeg\" \/>\n<meta name=\"twitter:card\" content=\"summary_large_image\" \/>\n<meta name=\"twitter:title\" content=\"Offrian Rum. &quot;The Rum Of Travelers&quot;\" \/>\n<meta name=\"twitter:description\" content=\"Specialists in premium, aged dark rum.The finest old rum. Distilled in Panama by Cuban rum master. 8 &amp; 12 years.\" \/>\n<meta name=\"twitter:image\" content=\"https:\/\/offrianrum.com\/wp-content\/uploads\/2023\/02\/logo-share.jpg\" \/>\n<script type=\"application\/ld+json\" class=\"yoast-schema-graph\">{\"@context\":\"https:\/\/schema.org\",\"@graph\":[{\"@type\":\"WebPage\",\"@id\":\"https:\/\/offrianrum.com\/\",\"url\":\"https:\/\/offrianrum.com\/\",\"name\":\"[:en]Premium Aged Dark Rum[:fr]Rhum brun vieilli de qualit\u00e9 sup\u00e9rieure[:es]Ron oscuro a\u00f1ejo premium[:ru]\u0412\u044b\u0434\u0435\u0440\u0436\u0430\u043d\u043d\u044b\u0439 \u0442\u0435\u043c\u043d\u044b\u0439 \u0440\u043e\u043c \u043f\u0440\u0435\u043c\u0438\u0443\u043c-\u043a\u043b\u0430\u0441\u0441\u0430[:]\",\"isPartOf\":{\"@id\":\"https:\/\/offrianrum.com\/#website\"},\"datePublished\":\"2014-04-25T12:39:09+00:00\",\"dateModified\":\"2023-02-22T09:57:12+00:00\",\"description\":\"{:en}OFFRIAN Rum. \\\"The Rum Of Travelers\\\" Specialists in premium, aged dark rum.The finest old rum. Distilled in Panama by Cuban rum master. 8, 12 & 18 years.{:fr}OFFRIAN \\\"The Rum of TRAVELERS\\\" producteur de rhum vieux de qualit\u00e9. Des rhums (ron) fins, distiller \u00e0 Panama et ma\u00eetre de chais cubain.{:es}OFFRIAN RUM \\\"The Rum Of Travelers\\\" Especialistas en ron oscuro a\u00f1ejo premium. mejor ron a\u00f1ejo. Destilado en Panam\u00e1 por el maestro ronero cubano. 8, 12 y 18 a\u00f1os.{:ru}OFFRIAN RUM \\\"The Rum Of Travelers\\\" \u0421\u043f\u0435\u0446\u0438\u0430\u043b\u0438\u0441\u0442 \u043f\u043e \u043f\u0440\u0435\u043c\u0438\u0430\u043b\u044c\u043d\u043e\u043c\u0443 \u0432\u044b\u0434\u0435\u0440\u0436\u0430\u043d\u043d\u043e\u043c\u0443 \u0442\u0435\u043c\u043d\u043e\u043c\u0443 \u0440\u043e\u043c\u0443. \u043b\u0443\u0447\u0448\u0438\u0439 \u0441\u0442\u0430\u0440\u044b\u0439 \u0440\u043e\u043c. \u041f\u0435\u0440\u0435\u0433\u043e\u043d\u044f\u0435\u0442\u0441\u044f \u0432 \u041f\u0430\u043d\u0430\u043c\u0435 \u043a\u0443\u0431\u0438\u043d\u0441\u043a\u0438\u043c\u0438 \u043c\u0430\u0441\u0442\u0435\u0440\u0430\u043c\u0438 \u0440\u043e\u043c\u0430. 8, 12 \u0438 18 \u043b\u0435\u0442.{:}\",\"breadcrumb\":{\"@id\":\"https:\/\/offrianrum.com\/#breadcrumb\"},\"inLanguage\":\"es\",\"potentialAction\":[{\"@type\":\"ReadAction\",\"target\":[\"https:\/\/offrianrum.com\/\"]}]},{\"@type\":\"BreadcrumbList\",\"@id\":\"https:\/\/offrianrum.com\/#breadcrumb\",\"itemListElement\":[{\"@type\":\"ListItem\",\"position\":1,\"name\":\"Home\",\"item\":\"https:\/\/offrianrum.com\/\"},{\"@type\":\"ListItem\",\"position\":2,\"name\":\"[:en]Premium Aged Dark Rum[:fr]Rhum Brun Vieilli De Qualit\u00e9 Sup\u00e9rieure[:es]Ron Oscuro A\u00f1ejo Premium[:ru]\u0412\u044b\u0434\u0435\u0440\u0436\u0430\u043d\u043d\u044b\u0439 \u0422\u0435\u043c\u043d\u044b\u0439 \u0420\u043e\u043c \u041f\u0440\u0435\u043c\u0438\u0443\u043c-\u041a\u043b\u0430\u0441\u0441\u0430[:]\"}]},{\"@type\":\"WebSite\",\"@id\":\"https:\/\/offrianrum.com\/#website\",\"url\":\"https:\/\/offrianrum.com\/\",\"name\":\"Offrian Rum\",\"description\":\"RUM OF TRAVELERS WITH RETRO SPIRITS\",\"publisher\":{\"@id\":\"https:\/\/offrianrum.com\/#organization\"},\"potentialAction\":[{\"@type\":\"SearchAction\",\"target\":{\"@type\":\"EntryPoint\",\"urlTemplate\":\"https:\/\/offrianrum.com\/?s={search_term_string}\"},\"query-input\":{\"@type\":\"PropertyValueSpecification\",\"valueRequired\":true,\"valueName\":\"search_term_string\"}}],\"inLanguage\":\"es\"},{\"@type\":\"Organization\",\"@id\":\"https:\/\/offrianrum.com\/#organization\",\"name\":\"Offrian Rum\",\"url\":\"https:\/\/offrianrum.com\/\",\"logo\":{\"@type\":\"ImageObject\",\"inLanguage\":\"es\",\"@id\":\"https:\/\/offrianrum.com\/#\/schema\/logo\/image\/\",\"url\":\"https:\/\/offrianrum.com\/wp-content\/uploads\/2017\/07\/favicon.png\",\"contentUrl\":\"https:\/\/offrianrum.com\/wp-content\/uploads\/2017\/07\/favicon.png\",\"width\":250,\"height\":250,\"caption\":\"Offrian Rum\"},\"image\":{\"@id\":\"https:\/\/offrianrum.com\/#\/schema\/logo\/image\/\"},\"sameAs\":[\"https:\/\/www.instagram.com\/offrian_rum\/\"]}]}<\/script>\n<!-- \/ Yoast SEO plugin. -->","yoast_head_json":{"title":"Ron oscuro a\u00f1ejo premium","description":"OFFRIAN RUM \"The Rum Of Travelers\" Especialistas en ron oscuro a\u00f1ejo premium. mejor ron a\u00f1ejo. Destilado en Panam\u00e1 por el maestro ronero cubano. 8, 12 y 18 a\u00f1os.","robots":{"index":"index","follow":"follow","max-snippet":"max-snippet:-1","max-image-preview":"max-image-preview:large","max-video-preview":"max-video-preview:-1"},"canonical":"https:\/\/offrianrum.com\/","og_locale":"es_ES","og_type":"article","og_title":"[:en]Premium Aged Dark Rum[:fr]Rhum brun vieilli de qualit\u00e9 sup\u00e9rieure[:es]Ron oscuro a\u00f1ejo premium[:ru]\u0412\u044b\u0434\u0435\u0440\u0436\u0430\u043d\u043d\u044b\u0439 \u0442\u0435\u043c\u043d\u044b\u0439 \u0440\u043e\u043c \u043f\u0440\u0435\u043c\u0438\u0443\u043c-\u043a\u043b\u0430\u0441\u0441\u0430[:]","og_description":"[:en]OFFRIAN Rum. \"The Rum Of Travelers\" Specialists in premium, aged dark rum.The finest old rum. Distilled in Panama by Cuban rum master. 8, 12 & 18 years.[:fr]OFFRIAN \"The Rum of TRAVELERS\" producteur de rhum vieux de qualit\u00e9. Des rhums (ron) fins, distiller \u00e0 Panama et ma\u00eetre de chais cubain.[:es]OFFRIAN RUM \"The Rum Of Travelers\" Especialistas en ron oscuro a\u00f1ejo premium. mejor ron a\u00f1ejo. Destilado en Panam\u00e1 por el maestro ronero cubano. 8, 12 y 18 a\u00f1os.[:ru]OFFRIAN RUM \"The Rum Of Travelers\" \u0421\u043f\u0435\u0446\u0438\u0430\u043b\u0438\u0441\u0442 \u043f\u043e \u043f\u0440\u0435\u043c\u0438\u0430\u043b\u044c\u043d\u043e\u043c\u0443 \u0432\u044b\u0434\u0435\u0440\u0436\u0430\u043d\u043d\u043e\u043c\u0443 \u0442\u0435\u043c\u043d\u043e\u043c\u0443 \u0440\u043e\u043c\u0443.\u043b\u0443\u0447\u0448\u0438\u0439 \u0441\u0442\u0430\u0440\u044b\u0439 \u0440\u043e\u043c. \u041f\u0435\u0440\u0435\u0433\u043e\u043d\u044f\u0435\u0442\u0441\u044f \u0432 \u041f\u0430\u043d\u0430\u043c\u0435 \u043a\u0443\u0431\u0438\u043d\u0441\u043a\u0438\u043c\u0438 \u043c\u0430\u0441\u0442\u0435\u0440\u0430\u043c\u0438 \u0440\u043e\u043c\u0430. 8, 12 \u0438 18 \u043b\u0435\u0442.[:]","og_url":"https:\/\/offrianrum.com\/","og_site_name":"Offrian Rum","article_modified_time":"2023-02-22T09:57:12+00:00","og_image":[{"width":995,"height":995,"url":"https:\/\/offrianrum.com\/wp-content\/uploads\/2023\/02\/logo-share.jpg","type":"image\/jpeg"}],"twitter_card":"summary_large_image","twitter_title":"Offrian Rum. \"The Rum Of Travelers\"","twitter_description":"Specialists in premium, aged dark rum.The finest old rum. Distilled in Panama by Cuban rum master. 8 & 12 years.","twitter_image":"https:\/\/offrianrum.com\/wp-content\/uploads\/2023\/02\/logo-share.jpg","schema":{"@context":"https:\/\/schema.org","@graph":[{"@type":"WebPage","@id":"https:\/\/offrianrum.com\/","url":"https:\/\/offrianrum.com\/","name":"[:en]Premium Aged Dark Rum[:fr]Rhum brun vieilli de qualit\u00e9 sup\u00e9rieure[:es]Ron oscuro a\u00f1ejo premium[:ru]\u0412\u044b\u0434\u0435\u0440\u0436\u0430\u043d\u043d\u044b\u0439 \u0442\u0435\u043c\u043d\u044b\u0439 \u0440\u043e\u043c \u043f\u0440\u0435\u043c\u0438\u0443\u043c-\u043a\u043b\u0430\u0441\u0441\u0430[:]","isPartOf":{"@id":"https:\/\/offrianrum.com\/#website"},"datePublished":"2014-04-25T12:39:09+00:00","dateModified":"2023-02-22T09:57:12+00:00","description":"{:en}OFFRIAN Rum. \"The Rum Of Travelers\" Specialists in premium, aged dark rum.The finest old rum. Distilled in Panama by Cuban rum master. 8, 12 & 18 years.{:fr}OFFRIAN \"The Rum of TRAVELERS\" producteur de rhum vieux de qualit\u00e9. Des rhums (ron) fins, distiller \u00e0 Panama et ma\u00eetre de chais cubain.{:es}OFFRIAN RUM \"The Rum Of Travelers\" Especialistas en ron oscuro a\u00f1ejo premium. mejor ron a\u00f1ejo. Destilado en Panam\u00e1 por el maestro ronero cubano. 8, 12 y 18 a\u00f1os.{:ru}OFFRIAN RUM \"The Rum Of Travelers\" \u0421\u043f\u0435\u0446\u0438\u0430\u043b\u0438\u0441\u0442 \u043f\u043e \u043f\u0440\u0435\u043c\u0438\u0430\u043b\u044c\u043d\u043e\u043c\u0443 \u0432\u044b\u0434\u0435\u0440\u0436\u0430\u043d\u043d\u043e\u043c\u0443 \u0442\u0435\u043c\u043d\u043e\u043c\u0443 \u0440\u043e\u043c\u0443. \u043b\u0443\u0447\u0448\u0438\u0439 \u0441\u0442\u0430\u0440\u044b\u0439 \u0440\u043e\u043c. \u041f\u0435\u0440\u0435\u0433\u043e\u043d\u044f\u0435\u0442\u0441\u044f \u0432 \u041f\u0430\u043d\u0430\u043c\u0435 \u043a\u0443\u0431\u0438\u043d\u0441\u043a\u0438\u043c\u0438 \u043c\u0430\u0441\u0442\u0435\u0440\u0430\u043c\u0438 \u0440\u043e\u043c\u0430. 8, 12 \u0438 18 \u043b\u0435\u0442.{:}","breadcrumb":{"@id":"https:\/\/offrianrum.com\/#breadcrumb"},"inLanguage":"es","potentialAction":[{"@type":"ReadAction","target":["https:\/\/offrianrum.com\/"]}]},{"@type":"BreadcrumbList","@id":"https:\/\/offrianrum.com\/#breadcrumb","itemListElement":[{"@type":"ListItem","position":1,"name":"Home","item":"https:\/\/offrianrum.com\/"},{"@type":"ListItem","position":2,"name":"[:en]Premium Aged Dark Rum[:fr]Rhum Brun Vieilli De Qualit\u00e9 Sup\u00e9rieure[:es]Ron Oscuro A\u00f1ejo Premium[:ru]\u0412\u044b\u0434\u0435\u0440\u0436\u0430\u043d\u043d\u044b\u0439 \u0422\u0435\u043c\u043d\u044b\u0439 \u0420\u043e\u043c \u041f\u0440\u0435\u043c\u0438\u0443\u043c-\u041a\u043b\u0430\u0441\u0441\u0430[:]"}]},{"@type":"WebSite","@id":"https:\/\/offrianrum.com\/#website","url":"https:\/\/offrianrum.com\/","name":"Offrian Rum","description":"RUM OF TRAVELERS WITH RETRO SPIRITS","publisher":{"@id":"https:\/\/offrianrum.com\/#organization"},"potentialAction":[{"@type":"SearchAction","target":{"@type":"EntryPoint","urlTemplate":"https:\/\/offrianrum.com\/?s={search_term_string}"},"query-input":{"@type":"PropertyValueSpecification","valueRequired":true,"valueName":"search_term_string"}}],"inLanguage":"es"},{"@type":"Organization","@id":"https:\/\/offrianrum.com\/#organization","name":"Offrian Rum","url":"https:\/\/offrianrum.com\/","logo":{"@type":"ImageObject","inLanguage":"es","@id":"https:\/\/offrianrum.com\/#\/schema\/logo\/image\/","url":"https:\/\/offrianrum.com\/wp-content\/uploads\/2017\/07\/favicon.png","contentUrl":"https:\/\/offrianrum.com\/wp-content\/uploads\/2017\/07\/favicon.png","width":250,"height":250,"caption":"Offrian Rum"},"image":{"@id":"https:\/\/offrianrum.com\/#\/schema\/logo\/image\/"},"sameAs":["https:\/\/www.instagram.com\/offrian_rum\/"]}]}},"_links":{"self":[{"href":"https:\/\/offrianrum.com\/es\/wp-json\/wp\/v2\/pages\/152","targetHints":{"allow":["GET"]}}],"collection":[{"href":"https:\/\/offrianrum.com\/es\/wp-json\/wp\/v2\/pages"}],"about":[{"href":"https:\/\/offrianrum.com\/es\/wp-json\/wp\/v2\/types\/page"}],"author":[{"embeddable":true,"href":"https:\/\/offrianrum.com\/es\/wp-json\/wp\/v2\/users\/3"}],"replies":[{"embeddable":true,"href":"https:\/\/offrianrum.com\/es\/wp-json\/wp\/v2\/comments?post=152"}],"version-history":[{"count":8,"href":"https:\/\/offrianrum.com\/es\/wp-json\/wp\/v2\/pages\/152\/revisions"}],"predecessor-version":[{"id":2772,"href":"https:\/\/offrianrum.com\/es\/wp-json\/wp\/v2\/pages\/152\/revisions\/2772"}],"wp:attachment":[{"href":"https:\/\/offrianrum.com\/es\/wp-json\/wp\/v2\/media?parent=152"}],"curies":[{"name":"wp","href":"https:\/\/api.w.org\/{rel}","templated":true}]}}